{"id":17,"date":"2022-06-18T13:23:40","date_gmt":"2022-06-18T13:23:40","guid":{"rendered":"https:\/\/www.sermont.com\/?page_id=17"},"modified":"2022-08-11T08:24:43","modified_gmt":"2022-08-11T06:24:43","slug":"impressum","status":"publish","type":"page","link":"https:\/\/www.sermont.com\/de\/impressum\/","title":{"rendered":"Impressum"},"content":{"rendered":"\n<p><strong>SerMont Asset Management SA<\/strong><br>Werdenbergerweg 11<br>P.O. Box 749<br>9490 Vaduz<br>Liechtenstein<\/p>\n\n\n\n<p>T +423 236 17 00<br>F +423 236 17 09<\/p>\n\n\n\n<h2 class=\"wp-block-heading\">Gesch\u00e4ftsf\u00fchrer<\/h2>\n\n\n\n<p>Martin Michael Wachter<br>Treuh\u00e4nder<br>Pr\u00e4sident des Verwaltungsrates<br><a href=\"mailto:m.wachter@sercor.com\">m.wachter@sercor.com<\/a><\/p>\n\n\n\n<p>Personen, welche die auf der Website der SERMONT Asset Managment SA ver\u00f6ffentlichten Informationen und Inhalte abrufen, erkl\u00e4ren sich mit den nachstehenden Bedingungen ausdr\u00fccklich einverstanden; mit der Inanspruchnahme dieser Website unterwirft sich der Nutzer jedenfalls diesen Allgemeinen Nutzungsbedingungen.<\/p>\n\n\n\n<h2 class=\"wp-block-heading\">Aufsichtsbeh\u00f6rde und Schlichtungsstelle<\/h2>\n\n\n\n<p>Die SERMONT Asset Management SA ist eine von der FMA Finanzmarktaufsicht Liechtenstein (www.fma-li.li) bewilligte und beaufsichtigte Verm\u00f6gensverwaltungsgesellschaft.<\/p>\n\n\n\n<p>Zur Beilegung von Streitf\u00e4llen zwischen Kunden und Verm\u00f6gensverwaltungsgesellschaften besteht eine aussergerichtliche Schlichtungsstelle im Finanzdienstleistungsbereich. F\u00fcr die Periode vom 1. November 2009 bis 31. Dezember 2017 ist Dr. Peter Wolff, Rechtsanwalt in Vaduz, als Schlichtungsperson bestellt. Die Schlichtungsstelle kann unter folgenden Daten erreicht werden: Dr. Peter Wolff, Mitteldorf 1, 9490 Vaduz, Telefon +423 238 10 30, Fax: +423 238 10 31, info@schlichtungsstelle.li.<\/p>\n\n\n\n<h2 class=\"wp-block-heading\">Berufsverband und berufsrechtliche Vorschriften<\/h2>\n\n\n\n<p>Die Sermont Asset Management SA ist Mitglied des Vereins unabh\u00e4ngiger Verm\u00f6gensverwalter in Liechtenstein (VuVL) und an dessen Standesrichtlinien gebunden. Die Standesrichtlinien des VuVL wurden am 18. November 2014 von der FMA Finanzmarktaufsicht Liechtenstein als verbindlich erkl\u00e4rt (FMA-Richtlinie 2014\/2). Die Standesrichtlinien sind abrufbar unter www.vuvl.li oder www.fma-li.li. Die berufsrechtlichen Vorschriften f\u00fcr Verm\u00f6gensverwaltungsgesellschaften werden durch das Verm\u00f6gensverwaltungsgesetz (VVG) und die Verm\u00f6gensverwaltungsverordnung (VVO) geregelt; diese sind unter www.gesetze.li abrufbar.<\/p>\n\n\n\n<h2 class=\"wp-block-heading\">Angebotsbeschr\u00e4nkung<\/h2>\n\n\n\n<p>Alle auf dieser Website bzw. Dom\u00e4ne angebotenen Inhalte dienen ausschliesslich Informationszwecken und k\u00f6nnen daher kein wie immer geartetes Rechtsverh\u00e4ltnis zwischen der SERMONT Asset Management SA sowie dem jeweiligen Nutzer dieser Website begr\u00fcnden. Die auf der SERMONT Asset Management SA-Website publizierten Informationen begr\u00fcnden insbesondere weder eine Aufforderung noch ein Angebot oder eine Empfehlung zum Erwerb oder Verkauf von Anlageinstrumenten oder zur T\u00e4tigung sonstiger Transaktionen; sie stellen insbesondere keine Grundlage f\u00fcr Anlageentscheidungen irgendeiner Art dar.<\/p>\n\n\n\n<p>Der Inhalt auf der SERMONT Asset Management SA-Website ist nicht f\u00fcr Personen bestimmt, die einer Rechtsordnung unterstehen, die die Publikation bzw. den Zugang zur Website der SERMONT Asset Managment SA verbietet (aufgrund der Nationalit\u00e4t der betreffenden Person, ihres Wohnsitzes oder aus anderen Gr\u00fcnden). Personen, auf die solche Einschr\u00e4nkungen zutreffen, ist der Zugriff auf die Website der SERMONT Asset Management SA nicht gestattet.<\/p>\n\n\n\n<h2 class=\"wp-block-heading\">Haftung, Gew\u00e4hrleistung und Haftungsausschluss<\/h2>\n\n\n\n<p>Die von SERMONT Asset Management SA auf dieser Website zur Verf\u00fcgung gestellten Informationen und Inhalte werden nicht f\u00fcr die individuellen Anforderungen und Bed\u00fcrfnisse einer Einzelperson, sondern f\u00fcr die Allgemeinheit erstellt. SERMONT Asset Management SA \u00fcbernimmt keine Gew\u00e4hr und\/oder Haftung f\u00fcr die inhaltliche Richtigkeit, Aktualit\u00e4t, Fehlerfreiheit oder Vollst\u00e4ndigkeit der auf der Website zur Verf\u00fcgung gestellten Informationen und Inhalte sowie f\u00fcr eine bestimmte Verwend- oder Verwertbarkeit derselben. Der Inhalt der Website kann jederzeit und ohne vorherige Ank\u00fcndigungen ge\u00e4ndert werden.<\/p>\n\n\n\n<p>SERMONT Asset Management SA \u00fcbernimmt auch keine Gew\u00e4hr daf\u00fcr, dass die von Nutzern in Anspruch genommenen Inhalte und Informationen auf dieser Website frei von Rechten Dritter, insbesondere, aber nicht ausschliesslich von Urheber-, Verwertungs-, Marken- oder sonstigen Nutzungsrechten sind. Eine Haftung f\u00fcr allenfalls daraus resultierende Sch\u00e4den ist ausgeschlossen.<\/p>\n\n\n\n<p>Die SERMONT Asset Managment SA haftet in keinem Fall (Fahrl\u00e4ssigkeit eingeschlossen) f\u00fcr Verluste oder Sch\u00e4den (sowohl direkte als auch indirekte und Folgesch\u00e4den) irgendwelcher Art, die aus oder im Zusammenhang mit einem Zugriff, der Benutzung oder der Abfrage dieser Website oder mit der Verkn\u00fcpfung der Website der SERMONT Asset Management SA mit Websites Dritter entstehen k\u00f6nnten.<\/p>\n\n\n\n<h2 class=\"wp-block-heading\">Urheberrechte<\/h2>\n\n\n\n<p>Der gesamte Inhalt und die Struktur der Website der SERMONT Asset Management SA (insbesondere zur Verf\u00fcgung gestellte Informationen, Daten, Texte, Bilder, Grafiken etc.) sind urheberrechtlich gesch\u00fctzt. Alle Rechte sind vorbehalten. Die vollst\u00e4ndige oder teilweise Reproduktion, die elektronische oder mit anderen Mitteln erfolgte \u00dcbermittlung, die Modifikation oder die Benutzung f\u00fcr \u00f6ffentliche oder kommerzielle Zwecke ist ohne vorherige schriftliche Zustimmung der SERMONT Asset Management SA untersagt. Der Nutzer verpflichtet sich insbesondere, jede wie auch immer geartete Verwertung oder Nutzung der angebotenen Inhalte und Informationen, insbesondere jede Vervielf\u00e4ltigung, das Speichern, die Verbreitung, die Ver\u00f6ffentlichung, die Ver\u00e4usserung oder die Bearbeitung, insbesondere von Informationen, Texten, Grafiken, Dateien, Datenbanken, Layouts etc., zu unterlassen. Der Nutzer wird s\u00e4mtliche Massnahmen setzen, um diesen Verpflichtungen Rechnung zu tragen.<\/p>\n\n\n\n<h2 class=\"wp-block-heading\">Verkn\u00fcpfungen auf Webseiten Dritter und Links<\/h2>\n\n\n\n<p>Die Aufnahme einer von einem Dritten vermittelten oder betriebenen Website in diese Website und die auf dieser Website enthaltenen Links stellen keinerlei Empfehlung oder Garantie hinsichtlich der darin und \u00fcber diese Links (allenfalls) angebotenen bzw. enthaltenen Dienste, insbesondere Informationen, sowie der allenfalls angebotenen Waren oder Dienstleistungen dar. Die SERMONT Asset Management SA \u00fcbernimmt f\u00fcr deren Inhalt, die darauf angebotenen Produkte, Dienstleistungen oder sonstigen Angebote sowie f\u00fcr die Einhaltung von Datenschutzbestimmungen keine Verantwortung, keinerlei Haftung (weder f\u00fcr Vorsatz noch f\u00fcr Fahrl\u00e4ssigkeit) und\/oder Gew\u00e4hrleistung. Das Aktivieren eines Links erfolgt auf eigene Verantwortung. Die SERMONT Asset Management macht sich die fremden Inhalte nicht zu eigen.<\/p>\n\n\n\n<p>Hyper-Links zu von SERMONT Asset Management SA betriebenen Websites d\u00fcrfen nur nach im Vorhinein schriftlich erteilter Zustimmung durch SERMONT Asset Management SA gesetzt werden. Eine allenfalls erteilte Zustimmung gilt in jedem Fall nur als unter dem Vorbehalt der jederzeitigen Widerruflichkeit erteilt. Das Setzen von Frame- und Inline-Links ist in jedem Fall untersagt.<\/p>\n\n\n\n<h2 class=\"wp-block-heading\">E-Mail<\/h2>\n\n\n\n<p>SERMONT Asset Management SA macht ausdr\u00fccklich darauf aufmerksam, dass keine verschl\u00fcsselte Kommunikation verwendet wird, und dass die unverschl\u00fcsselte Kommunikation per E-Mail weder sicher noch vertraulich ist. Allenfalls vertrauliche Kommunikation sollte daher auf dem Postwege oder pers\u00f6nlich \u00fcbermittelt werden. SERMONT Asset Management SA schliesst daher f\u00fcr die Kommunikation via E-Mail ausdr\u00fccklich jegliche Haftung aus. Die \u00dcbertragung von Daten erfolgt auf eigenes Risiko.<\/p>\n\n\n\n<h2 class=\"wp-block-heading\">Allgemeines zur Nutzung dieser Website, Gerichtsstand und anwendbares Recht<\/h2>\n\n\n\n<p>SERMONT Asset Management SA stellt die Informationen und Inhalte dieser Website nach Massgabe der bestehenden technischen, wirtschaftlichen, betrieblichen und organisatorischen M\u00f6glichkeiten zur Verf\u00fcgung und haftet daher nicht f\u00fcr allf\u00e4llige Unterbrechungen, St\u00f6rungen, Versp\u00e4tungen, L\u00f6schungen, Fehl\u00fcbertragungen oder einen Speicherausfall in Zusammenhang mit der Inanspruchnahme dieser Website. Die Verf\u00fcgbarkeit der Website ist deshalb von der technischen Bereitstellung fremder Netzdienste abh\u00e4ngig. SERMONT Asset Management SA \u00fcbernimmt keine Verpflichtung, die Website unterbrechungsfrei und im Internet jederzeit abrufbar zu halten. SERMONT Asset Management SA ist insbesondere und jedenfalls berechtigt, den Zugang zur Website jederzeit zu unterbrechen (bspw. f\u00fcr Wartungsarbeiten etc.).<\/p>\n\n\n\n<p>Der Nutzer ist zur Inanspruchnahme der Website jeweils auf eigene Gefahr und Kosten berechtigt und verpflichtet, hierbei nur geeignete technische Vorrichtungen, wie etwa entsprechende Computer, Modems etc., einzusetzen. Der Nutzer ist zudem verpflichtet, die Website nur unter Einhaltung der gesetzlichen Bestimmungen in Anspruch zu nehmen und insbesondere jedwede missbr\u00e4uchliche Inanspruchnahme der Dienste zu unterlassen.<\/p>\n\n\n\n<p>Ausschliesslicher Gerichtsstand f\u00fcr s\u00e4mtliche Angelegenheiten im Zusammenhang mit dieser Website ist Vaduz, Liechtenstein. Es gilt liechtensteinisches Recht unter Ausschluss der Kollisionsnormen.<\/p>\n\n\n\n<h3 class=\"wp-block-heading\">Konzeption und Gestaltung<\/h3>\n\n\n\n<p>studio spitzar, Dornbirn, \u00d6sterreich<br>Artistic Direction &#8211; Marco Spitzar<br>Design &#8211; Mario Brugger<br>Project Management &#8211; Anita Greber<\/p>\n\n\n\n<h3 class=\"wp-block-heading\">Programmierung und Hosting<\/h3>\n\n\n\n<p>creativemedia AG, Schaan, Liechtenstein<\/p>\n","protected":false},"excerpt":{"rendered":"<p>SerMont Asset Management SAWerdenbergerweg 11P.O. Box 7499490 VaduzLiechtenstein T +423 236 17 00F +423 236 17 09 Gesch\u00e4ftsf\u00fchrer Martin Michael WachterTreuh\u00e4nderPr\u00e4sident des Verwaltungsratesm.wachter@sercor.com Personen, welche die auf der Website der SERMONT Asset Managment SA ver\u00f6ffentlichten Informationen und Inhalte abrufen, erkl\u00e4ren sich mit den nachstehenden Bedingungen ausdr\u00fccklich einverstanden; mit der Inanspruchnahme dieser Website unterwirft sich der [&hellip;]<\/p>\n","protected":false},"author":1,"featured_media":0,"parent":0,"menu_order":0,"comment_status":"closed","ping_status":"closed","template":"","meta":{"_seopress_robots_primary_cat":"","_seopress_titles_title":"","_seopress_titles_desc":"","_seopress_robots_index":"yes","footnotes":""},"class_list":["post-17","page","type-page","status-publish","hentry"],"meta_box":[],"_links":{"self":[{"href":"https:\/\/www.sermont.com\/de\/wp-json\/wp\/v2\/pages\/17","targetHints":{"allow":["GET"]}}],"collection":[{"href":"https:\/\/www.sermont.com\/de\/wp-json\/wp\/v2\/pages"}],"about":[{"href":"https:\/\/www.sermont.com\/de\/wp-json\/wp\/v2\/types\/page"}],"author":[{"embeddable":true,"href":"https:\/\/www.sermont.com\/de\/wp-json\/wp\/v2\/users\/1"}],"replies":[{"embeddable":true,"href":"https:\/\/www.sermont.com\/de\/wp-json\/wp\/v2\/comments?post=17"}],"version-history":[{"count":0,"href":"https:\/\/www.sermont.com\/de\/wp-json\/wp\/v2\/pages\/17\/revisions"}],"wp:attachment":[{"href":"https:\/\/www.sermont.com\/de\/wp-json\/wp\/v2\/media?parent=17"}],"curies":[{"name":"wp","href":"https:\/\/api.w.org\/{rel}","templated":true}]}}